{"id":9,"date":"2023-06-25T11:11:48","date_gmt":"2023-06-25T11:11:48","guid":{"rendered":"https:\/\/www.elternforum-schule-rafz.ch\/?page_id=9"},"modified":"2026-03-19T06:14:32","modified_gmt":"2026-03-19T06:14:32","slug":"ueber-uns","status":"publish","type":"page","link":"https:\/\/www.elternforum-schule-rafz.ch\/?page_id=9","title":{"rendered":"\u00dcber uns"},"content":{"rendered":"\n<h2 class=\"wp-block-heading\">Wir Eltern sind Partner und Partnerinnen der Rafzer Schule! <\/h2>\n\n\n\n<p> Das Volksschulgesetz gibt vor, dass die Schulbeh\u00f6rden, Lehrpersonen und Eltern im Rahmen ihrer Verantwortlichkeiten zusammen arbeiten.<\/p>\n\n\n\n<p id=\"u641-6\">Damit diese Partnerschaft gelingt, braucht es auf beiden Seiten den Willen zur Zusammenarbeit. Wir engagieren uns, damit diese Partnerschaft erfolgreich ist.<\/p>\n\n\n\n<h2 class=\"wp-block-heading\">Wir Eltern machen das Schuljahr bunter und helfen, den Schulalltag zu bereichern.<\/h2>\n\n\n\n<p>Viele spannende Ereignisse und sch\u00f6ne Projekte konnten bereits Dank des Elternforums und der tatkr\u00e4ftigen Unterst\u00fctzung engagierter Rafzerinnen und Rafzer realisiert werden&nbsp; \u2013 und so das Schuljahr bereichern.<\/p>\n\n\n\n<h2 class=\"wp-block-heading\">Wir machen mit:<\/h2>\n\n\n\n<p> &#8230; weil die Kinder uns wichtig sind<\/p>\n\n\n\n<p>&#8230; weil die Schule uns wichtig ist<\/p>\n\n\n\n<p id=\"u641-20\">&#8230; weil unsere Kinder sehen sollen, dass die Schule uns Eltern wichtig ist<\/p>\n\n\n\n<h2 class=\"wp-block-heading\">Machen Sie mit!<\/h2>\n\n\n\n<p>\u2013 weil bestehende Projekte immer Helferinnen und Helfer brauchen<\/p>\n\n\n\n<p id=\"u641-27\">\u2013 weil neue Ideen immer willkommen sind<\/p>\n\n\n\n<p id=\"u641-29\">\u2013 weil Sie den Kindern und der Schule zeigen k\u00f6nnen, dass Sie dabei sind<\/p>\n\n\n\n<p><\/p>\n\n\n\n<p><\/p>\n\n\n\n<h2 class=\"wp-block-heading\">Ziel und Zweck des Elternforums sind:<\/h2>\n\n\n\n<ul class=\"wp-block-list\">\n<li>Regelm\u00e4ssigen Kontakt und Austausch von Informationen zwischen Eltern und Schule f\u00f6rdern<\/li>\n<\/ul>\n\n\n\n<ul class=\"wp-block-list\">\n<li>Gemeinsam mit der Schule schulische und schulnahe Projekte realisieren und Br\u00fccken zwischen Schule und Elternhaus bauen.<\/li>\n<\/ul>\n\n\n\n<ul class=\"wp-block-list\">\n<li>Das Elternforum ist Ansprechpartner f\u00fcr Eltern, Schulleitung, Lehrerschaft, Schulsozialarbeit (SSA), Schulpflege, Sch\u00fcler und allenfalls Sch\u00fclerrat.<\/li>\n<\/ul>\n\n\n\n<ul class=\"wp-block-list\">\n<li>Es f\u00f6rdert die Qualit\u00e4t der Schule Rafz<\/li>\n<\/ul>\n\n\n\n<ul class=\"wp-block-list\">\n<li>Das Elternforum behandelt eingebrachte Anliegen und Antr\u00e4ge aller an der Schule Beteiligten.<\/li>\n<\/ul>\n\n\n\n<div class=\"wp-block-group\"><div class=\"wp-block-group__inner-container is-layout-constrained wp-block-group-is-layout-constrained\">\n<div class=\"wp-block-group\"><div class=\"wp-block-group__inner-container is-layout-constrained wp-block-group-is-layout-constrained\">\n<p>Das Elternforum hat jedoch keinen Einfluss auf die Kompetenzen der Schulpflege, Schulleitung, der SSA und der Lehrpersonen.<\/p>\n\n\n\n<p>Es ist nicht f\u00fcr die Bew\u00e4ltigung individueller Schulprobleme von einzelnen Sch\u00fclern zust\u00e4ndig.<\/p>\n\n\n\n<p>Es pflegt den partnerschaftlichen Umgang aller an der Schule Beteiligten, macht die Ressourcen der Eltern f\u00fcr die Schule nutzbar und realisiert gemeinsame schulische und schulnahe Projekte.<\/p>\n<\/div><\/div>\n<\/div><\/div>\n\n\n\n<p><\/p>\n\n\n\n<div class=\"wp-block-group\"><div class=\"wp-block-group__inner-container is-layout-constrained wp-block-group-is-layout-constrained\">\n<p class=\"has-small-font-size\">Das Elternforum arbeitet an der Entwicklung des schulischen Umfeldes mit und setzt sich mit p\u00e4dagogischen&nbsp; und erzieherischen Fragestellungen auseinander.<\/p>\n\n\n\n<p class=\"has-small-font-size\" id=\"u641-61\">&nbsp;Das Elternforum hat keinen Einfluss auf die Kompetenzen der Schulpflege, der Schulleitung, der Schulsozialarbeit und der Lehrperson.<\/p>\n\n\n\n<p class=\"has-small-font-size\" id=\"u641-64\">&nbsp;Es hat weder eine Aufsichtsfunktion, noch ber\u00e4t es \u00fcber einzelne Lehrpersonen oder beurteilt deren Methoden oder Inhalte des Unterrichts.<\/p>\n<\/div><\/div>\n\n\n\n<p><\/p>\n\n\n\n<p><\/p>\n\n\n\n<h2 class=\"wp-block-heading\">Mitglieder<\/h2>\n\n\n\n<p><\/p>\n\n\n\n<p id=\"u2741-2\"><strong>Elternvertretung<\/strong>:<\/p>\n\n\n\n<p>Pr\u00e4sidium:\u00a0 Christian Mundt Ad Interim<\/p>\n\n\n\n<p>Vize-Pr\u00e4sidium &amp; Finanzen:&nbsp;&nbsp; Eva Waeltli<\/p>\n\n\n\n<p>Ressort Kommunikation:\u00a0\u00a0 Christian Mundt Ad Interim<\/p>\n\n\n\n<p>Ressort Projekte:&nbsp;&nbsp;  vakant<\/p>\n\n\n\n<p id=\"u2741-11\">&nbsp;<\/p>\n\n\n\n<p id=\"u2741-13\"><strong>Lehrervertretung<\/strong>:<\/p>\n\n\n\n<p>Primarschule Schulleitung:\u00a0\u00a0 Thomas Keller<\/p>\n\n\n\n<p>Oberstufe Schulleitung:\u00a0\u00a0 Annigna Angst<\/p>\n\n\n\n<p><strong>Vertreter der Lehrpersonen:<\/strong><\/p>\n\n\n\n<p>Vakant<\/p>\n\n\n\n<p><strong>Schulpflege<\/strong>:&nbsp;&nbsp; <\/p>\n\n\n\n<p>Christian Schlagenhauf<\/p>\n","protected":false},"excerpt":{"rendered":"<p>Wir Eltern sind Partner und Partnerinnen der Rafzer Schule! Das Volksschulgesetz gibt vor, dass die Schulbeh\u00f6rden, Lehrpersonen und Eltern im Rahmen ihrer Verantwortlichkeiten zusammen arbeiten. Damit diese Partnerschaft gelingt, braucht es auf beiden Seiten den Willen zur Zusammenarbeit. Wir engagieren uns, damit diese Partnerschaft erfolgreich ist. Wir Eltern machen das Schuljahr bunter und helfen, den&hellip; <a class=\"more-link\" href=\"https:\/\/www.elternforum-schule-rafz.ch\/?page_id=9\"><span class=\"screen-reader-text\">\u00dcber uns<\/span> weiterlesen<\/a><\/p>\n","protected":false},"author":3,"featured_media":7,"parent":0,"menu_order":0,"comment_status":"closed","ping_status":"closed","template":"","meta":{"footnotes":""},"class_list":["post-9","page","type-page","status-publish","has-post-thumbnail","hentry","entry"],"_links":{"self":[{"href":"https:\/\/www.elternforum-schule-rafz.ch\/index.php?rest_route=\/wp\/v2\/pages\/9","targetHints":{"allow":["GET"]}}],"collection":[{"href":"https:\/\/www.elternforum-schule-rafz.ch\/index.php?rest_route=\/wp\/v2\/pages"}],"about":[{"href":"https:\/\/www.elternforum-schule-rafz.ch\/index.php?rest_route=\/wp\/v2\/types\/page"}],"author":[{"embeddable":true,"href":"https:\/\/www.elternforum-schule-rafz.ch\/index.php?rest_route=\/wp\/v2\/users\/3"}],"replies":[{"embeddable":true,"href":"https:\/\/www.elternforum-schule-rafz.ch\/index.php?rest_route=%2Fwp%2Fv2%2Fcomments&post=9"}],"version-history":[{"count":8,"href":"https:\/\/www.elternforum-schule-rafz.ch\/index.php?rest_route=\/wp\/v2\/pages\/9\/revisions"}],"predecessor-version":[{"id":121,"href":"https:\/\/www.elternforum-schule-rafz.ch\/index.php?rest_route=\/wp\/v2\/pages\/9\/revisions\/121"}],"wp:featuredmedia":[{"embeddable":true,"href":"https:\/\/www.elternforum-schule-rafz.ch\/index.php?rest_route=\/wp\/v2\/media\/7"}],"wp:attachment":[{"href":"https:\/\/www.elternforum-schule-rafz.ch\/index.php?rest_route=%2Fwp%2Fv2%2Fmedia&parent=9"}],"curies":[{"name":"wp","href":"https:\/\/api.w.org\/{rel}","templated":true}]}}