{"id":53,"date":"2023-06-25T11:11:29","date_gmt":"2023-06-25T11:11:29","guid":{"rendered":"https:\/\/www.elternforum-schule-rafz.ch\/?page_id=53"},"modified":"2023-06-25T12:25:57","modified_gmt":"2023-06-25T12:25:57","slug":"links","status":"publish","type":"page","link":"https:\/\/www.elternforum-schule-rafz.ch\/?page_id=53","title":{"rendered":"Links"},"content":{"rendered":"\n<h2 class=\"wp-block-heading\">Unsere Linksammlung rund um die Themen Lernen, Spielen und Familie<\/h2>\n\n\n\n<p>Wissenswertes, Interessantes und Unterhaltsames haben wir f\u00fcr euch zusammengetragen. <strong>Hierbei handelt es sich um externe Links, f\u00fcr deren Inhalte wir keine Verantwortung und Haftung \u00fcbernehmen k\u00f6nnen<\/strong>. Viel Vergn\u00fcgen beim St\u00f6bern und Informieren!<\/p>\n\n\n\n<h3 class=\"wp-block-heading\">Seiten f\u00fcr Kinder<\/h3>\n\n\n\n<ul class=\"wp-block-list\">\n<li>Die unabh\u00e4ngige Kinderseite:<br> <a href=\"http:\/\/www.kidsweb.de\">http:\/\/www.kidsweb.de<\/a><\/li>\n\n\n\n<li>Frag Finn &#8211; eine super Suchmaschine f\u00fcr Kinder: <a href=\"http:\/\/www.fragfinn.de\">http:\/\/www.fragfinn.de<\/a><\/li>\n\n\n\n<li>Blinde Kuh &#8211; alles und noch viel mehr im Internet. Spass garantiert:<br><a href=\"http:\/\/www.blinde-kuh.de\">http:\/\/www.blinde-kuh.de<\/a><\/li>\n\n\n\n<li>Jolinchen &#8211; alles \u00fcber deinen K\u00f6rper, Gesundheit, Sport und Spiele: <br><a href=\"http:\/\/www.jolinchen.de\">http:\/\/www.jolinchen.de<\/a><\/li>\n\n\n\n<li>Internet ABC &#8211; Spieltipps, Computer und Internet, Hobby und Schule: <br><a href=\"http:\/\/www.internet-abc.de\">http:\/\/www.internet-abc.de<\/a><\/li>\n\n\n\n<li>Geolino &#8211; Das Erlebnismagazin online. Wissen, Spiele, Foren: <a href=\"http:\/\/www.geo.de\/GEOlino\">http:\/\/www.geo.de\/GEOlino<\/a><\/li>\n<\/ul>\n\n\n\n<h2 class=\"wp-block-heading\">Hausaufgabenhilfe Englisch<\/h2>\n\n\n\n<p>Wenn dein Kind Fragen zu den Hausaufgaben hat, darf ihm selbstverst\u00e4ndlich geholfen werden. Du solltest aber nicht die Aufgaben f\u00fcr dein Kind l\u00f6sen, denn diese sind ein Mittel, um selbst\u00e4ndiges Arbeiten und den Sinn f\u00fcr Verantwortung zu f\u00f6rdern. Sie dienen zudem der Festigung, Vertiefung und Anwendung des in der Schule erlernten Stoffes. Damit das eigenst\u00e4ndige Lernen f\u00fcr dein Kind allm\u00e4hlich zur Routine wird, ist es sinnvoll, einige feste Regeln und Abl\u00e4ufe immer wieder einzu\u00fcben. Auf den kommenden Seiten werden verschiedene solche Regeln, Abl\u00e4ufe und Strategien aufgef\u00fchrt.<\/p>\n\n\n\n<div data-wp-interactive=\"core\/file\" class=\"wp-block-file\"><object data-wp-bind--hidden=\"!state.hasPdfPreview\" hidden class=\"wp-block-file__embed\" data=\"https:\/\/www.elternforum-schule-rafz.ch\/wp-content\/uploads\/2023\/06\/ufzgi-ratgeber_englisch.pdf\" type=\"application\/pdf\" style=\"width:100%;height:600px\" aria-label=\"Einbettung von ufzgi-ratgeber_englisch.\"><\/object><a id=\"wp-block-file--media-00a9ea95-c4ce-47e6-9921-9ef41a6f72c9\" href=\"https:\/\/www.elternforum-schule-rafz.ch\/wp-content\/uploads\/2023\/06\/ufzgi-ratgeber_englisch.pdf\">ufzgi-ratgeber_englisch<\/a><a href=\"https:\/\/www.elternforum-schule-rafz.ch\/wp-content\/uploads\/2023\/06\/ufzgi-ratgeber_englisch.pdf\" class=\"wp-block-file__button wp-element-button\" download aria-describedby=\"wp-block-file--media-00a9ea95-c4ce-47e6-9921-9ef41a6f72c9\">Herunterladen<\/a><\/div>\n\n\n\n<h2 class=\"wp-block-heading\">Iss dich schlau \u2013 rund um gesunde Ern\u00e4hrung<\/h2>\n\n\n\n<p>Iss dich schlau \u2013 rund um gesunde Ern\u00e4hrung<\/p>\n\n\n\n<p><a href=\"https:\/\/www.stadt-zuerich.ch\/ssd\/de\/index\/gesundheit_und_praevention\/schularzt\/ernaehrung\/ernaehrungs-tipps.html\">https:\/\/www.stadt-zuerich.ch\/ssd\/de\/index\/gesundheit_und_praevention\/schularzt\/ernaehrung\/ernaehrungs-tipps.html<\/a><\/p>\n\n\n\n<p><a href=\"https:\/\/www.kerrygold.de\/gesundes-pausenbrot\/\">https:\/\/www.kerrygold.de\/gesundes-pausenbrot\/<\/a><\/p>\n\n\n\n<p><a href=\"https:\/\/www.lecker.de\/rezepte\/rezepte-fuer-kinder\">https:\/\/www.lecker.de\/rezepte\/rezepte-fuer-kinder<\/a><\/p>\n\n\n\n<p><a href=\"https:\/\/www.faz.net\/aktuell\/gesellschaft\/familie\/pausenbrot-unser-taeglich-not-12049168.html\">https:\/\/www.faz.net\/aktuell\/gesellschaft\/familie\/pausenbrot-unser-taeglich-not-12049168.html<\/a><\/p>\n\n\n\n<h2 class=\"wp-block-heading\">Wochenendausfl\u00fcge f\u00fcr die ganze Familie<\/h2>\n\n\n\n<p><a href=\"https:\/\/www.ausflugsziele.ch\">https:\/\/www.ausflugsziele.ch<\/a><\/p>\n\n\n\n<p><a href=\"https:\/\/famigros.migros.ch\/de\/ausfluege-und-freizeit\">https:\/\/famigros.migros.ch\/de\/ausfluege-und-freizeit<\/a><\/p>\n\n\n\n<p><a href=\"https:\/\/www.weltbild.ch\/ausflugsziele\">https:\/\/www.weltbild.ch\/ausflugsziele<\/a><\/p>\n\n\n\n<p><a href=\"https:\/\/www.familienleben.ch\/dossiers\/die-schoensten-ausflugsziele-fuer-familien-3119\">https:\/\/www.familienleben.ch\/dossiers\/die-schoensten-ausflugsziele-fuer-familien-3119<\/a><\/p>\n\n\n\n<h2 class=\"wp-block-heading\">In der Gemeinde Rafz<\/h2>\n\n\n\n<p>Warum in die Ferne schweifen, wenn das Gute liegt so nah&#8230;..<\/p>\n\n\n\n<p>Bibliothek Rafz<\/p>\n\n\n\n<p><a href=\"https:\/\/www.winmedio.net\/rafz\/#Start1\">https:\/\/www.winmedio.net\/rafz\/#Start1<\/a><\/p>\n\n\n\n<p>Freibad Rafz<\/p>\n\n\n\n<p><a href=\"https:\/\/www.freibad-rafz-wil.ch\">https:\/\/www.freibad-rafz-wil.ch<\/a><\/p>\n\n\n\n<p>Vitaparcours Rafz<\/p>\n\n\n\n<p><a href=\"https:\/\/www.zurichparcoursvita.ch\/News\/Details\/869f8da5-c539-4581-9e35-5391414636b7\">https:\/\/www.zurichparcoursvita.ch\/News\/Details\/869f8da5-c539-4581-9e35-5391414636b7<\/a><\/p>\n\n\n\n<p><\/p>\n","protected":false},"excerpt":{"rendered":"<p>Unsere Linksammlung rund um die Themen Lernen, Spielen und Familie Wissenswertes, Interessantes und Unterhaltsames haben wir f\u00fcr euch zusammengetragen. Hierbei handelt es sich um externe Links, f\u00fcr deren Inhalte wir keine Verantwortung und Haftung \u00fcbernehmen k\u00f6nnen. Viel Vergn\u00fcgen beim St\u00f6bern und Informieren! Seiten f\u00fcr Kinder Hausaufgabenhilfe Englisch Wenn dein Kind Fragen zu den Hausaufgaben hat,&hellip; <a class=\"more-link\" href=\"https:\/\/www.elternforum-schule-rafz.ch\/?page_id=53\"><span class=\"screen-reader-text\">Links<\/span> weiterlesen<\/a><\/p>\n","protected":false},"author":3,"featured_media":0,"parent":0,"menu_order":0,"comment_status":"closed","ping_status":"closed","template":"","meta":{"footnotes":""},"class_list":["post-53","page","type-page","status-publish","hentry","entry"],"_links":{"self":[{"href":"https:\/\/www.elternforum-schule-rafz.ch\/index.php?rest_route=\/wp\/v2\/pages\/53","targetHints":{"allow":["GET"]}}],"collection":[{"href":"https:\/\/www.elternforum-schule-rafz.ch\/index.php?rest_route=\/wp\/v2\/pages"}],"about":[{"href":"https:\/\/www.elternforum-schule-rafz.ch\/index.php?rest_route=\/wp\/v2\/types\/page"}],"author":[{"embeddable":true,"href":"https:\/\/www.elternforum-schule-rafz.ch\/index.php?rest_route=\/wp\/v2\/users\/3"}],"replies":[{"embeddable":true,"href":"https:\/\/www.elternforum-schule-rafz.ch\/index.php?rest_route=%2Fwp%2Fv2%2Fcomments&post=53"}],"version-history":[{"count":6,"href":"https:\/\/www.elternforum-schule-rafz.ch\/index.php?rest_route=\/wp\/v2\/pages\/53\/revisions"}],"predecessor-version":[{"id":102,"href":"https:\/\/www.elternforum-schule-rafz.ch\/index.php?rest_route=\/wp\/v2\/pages\/53\/revisions\/102"}],"wp:attachment":[{"href":"https:\/\/www.elternforum-schule-rafz.ch\/index.php?rest_route=%2Fwp%2Fv2%2Fmedia&parent=53"}],"curies":[{"name":"wp","href":"https:\/\/api.w.org\/{rel}","templated":true}]}}