{"id":14,"date":"2023-06-25T11:04:00","date_gmt":"2023-06-25T11:04:00","guid":{"rendered":"https:\/\/www.elternforum-schule-rafz.ch\/?page_id=14"},"modified":"2026-03-25T19:46:03","modified_gmt":"2026-03-25T19:46:03","slug":"unsere-projekte","status":"publish","type":"page","link":"https:\/\/www.elternforum-schule-rafz.ch\/?page_id=14","title":{"rendered":"Unsere Projekte"},"content":{"rendered":"\n<p class=\"has-large-font-size\"><strong>Projekte, die den Schulalltag und das Schuljahr bereichern<\/strong><br><br><strong>Achtung! Wir sind in der Neuorganisation und nicht alle Punkte sind aktuell!!!<\/strong><\/p>\n\n\n\n<p>Folgende Angebote k\u00f6nnen dank engagierten Rafzerinnen und Rafzer sowie des Elternforums zur Verf\u00fcgung gestellt werden.<\/p>\n\n\n\n<hr class=\"wp-block-separator has-alpha-channel-opacity\"\/>\n\n\n\n<h2 class=\"wp-block-heading\">Pausenzn\u00fcni<\/h2>\n\n\n\n<p><strong>Einmal alle 2 Wochen wird mit einer Klasse ein gesundes Zn\u00fcni zubereitet \u2013 das die ganze Schule geniessen kann.<\/strong><\/p>\n\n\n\n<figure class=\"wp-block-image size-full is-style-default\"><img loading=\"lazy\" decoding=\"async\" width=\"323\" height=\"242\" src=\"https:\/\/www.elternforum-schule-rafz.ch\/wp-content\/uploads\/2023\/03\/znueni_klein.jpg\" alt=\"\" class=\"wp-image-15\" srcset=\"https:\/\/www.elternforum-schule-rafz.ch\/wp-content\/uploads\/2023\/03\/znueni_klein.jpg 323w, https:\/\/www.elternforum-schule-rafz.ch\/wp-content\/uploads\/2023\/03\/znueni_klein-300x225.jpg 300w\" sizes=\"auto, (max-width: 323px) 100vw, 323px\" \/><figcaption class=\"wp-element-caption\">Pausen-Zn\u00fcni<\/figcaption><\/figure>\n\n\n\n<p><\/p>\n\n\n\n<div class=\"wp-block-group\"><div class=\"wp-block-group__inner-container is-layout-constrained wp-block-group-is-layout-constrained\">\n<p id=\"u4605-35\">Mit Unterst\u00fctzung Freiwilliger lernen die Kinder von der 1.&nbsp; bis zur 6. Klasse jeweils donnerstags die Zubereitung gesunden Essens f\u00fcr die Schulpause. Hierf\u00fcr wird von den Eltern ein kleiner Unkostenbeitrag erhoben. Das Pausenzn\u00fcni ist bei den Sch\u00fclerinnen und Sch\u00fclern sehr beliebt.<\/p>\n\n\n\n<p id=\"u4605-37\">Haben Sie Lust und Zeit hin und wieder mitzuhelfen?<\/p>\n\n\n\n<p id=\"u4605-39\">Aktuell suchen wir dringend Helfer f\u00fcr dieses Projekt.<\/p>\n\n\n\n<p id=\"u4605-44\">Wir freuen uns \u00fcber eine&nbsp;<a href=\"https:\/\/elternforum-schule-rafz.ch\/kontakt.html\" data-type=\"URL\" data-id=\"https:\/\/elternforum-schule-rafz.ch\/kontakt.html\" target=\"_blank\" rel=\"noreferrer noopener\">Nachricht<\/a>&nbsp;von Ihnen.<\/p>\n<\/div><\/div>\n\n\n\n<div style=\"height:100px\" aria-hidden=\"true\" class=\"wp-block-spacer\"><\/div>\n\n\n\n<hr class=\"wp-block-separator has-alpha-channel-opacity\"\/>\n\n\n\n<div style=\"height:100px\" aria-hidden=\"true\" class=\"wp-block-spacer\"><\/div>\n\n\n\n<h2 class=\"wp-block-heading\">Ufzgi-Platz<\/h2>\n\n\n\n<p><strong>Rafzerinnen und Rafzer bieten einzelnen oder mehreren Schulkindern einen ruhigen Platz f\u00fcr die Erledigung der Hausaufgaben.<\/strong><\/p>\n\n\n\n<figure class=\"wp-block-image size-full\"><img loading=\"lazy\" decoding=\"async\" width=\"342\" height=\"228\" src=\"https:\/\/www.elternforum-schule-rafz.ch\/wp-content\/uploads\/2023\/03\/hausauf_klein.jpg\" alt=\"\" class=\"wp-image-16\" srcset=\"https:\/\/www.elternforum-schule-rafz.ch\/wp-content\/uploads\/2023\/03\/hausauf_klein.jpg 342w, https:\/\/www.elternforum-schule-rafz.ch\/wp-content\/uploads\/2023\/03\/hausauf_klein-300x200.jpg 300w\" sizes=\"auto, (max-width: 342px) 100vw, 342px\" \/><figcaption class=\"wp-element-caption\">Ufzgi-Platz<\/figcaption><\/figure>\n\n\n\n<p id=\"u4605-58\">Einige Schulkinder brauchen ausserhalb von ihrem Zuhause einen Platz um in Ruhe zu lernen und ihre Hausaufgaben zu erledigen. Sie brauchen keine Unterst\u00fctzung beim L\u00f6sen der Aufgaben.<\/p>\n\n\n\n<p id=\"u4605-60\">Haben Sie Freude, Zeit und die M\u00f6glichkeit einem Schulkind einen ruhigen Arbeitsplatz anzubieten? Die Kinder sind dankbar und freuen sich \u00fcber Ihre Unterst\u00fctzung.<\/p>\n\n\n\n<div style=\"height:100px\" aria-hidden=\"true\" class=\"wp-block-spacer\"><\/div>\n\n\n\n<hr class=\"wp-block-separator has-alpha-channel-opacity\"\/>\n\n\n\n<div style=\"height:100px\" aria-hidden=\"true\" class=\"wp-block-spacer\"><\/div>\n\n\n\n<h2 class=\"wp-block-heading\">R\u00e4beliechtliumzug<\/h2>\n\n\n\n<p><strong>Der traditionelle Lichterzug verzaubert mit sch\u00f6n geschnitzten R\u00e4ben den Herbst.<\/strong><\/p>\n\n\n\n<figure class=\"wp-block-image size-full\"><img loading=\"lazy\" decoding=\"async\" width=\"322\" height=\"247\" src=\"https:\/\/www.elternforum-schule-rafz.ch\/wp-content\/uploads\/2023\/03\/03029_raeb-11_web-crop-u13709-1.jpg\" alt=\"\" class=\"wp-image-17\" srcset=\"https:\/\/www.elternforum-schule-rafz.ch\/wp-content\/uploads\/2023\/03\/03029_raeb-11_web-crop-u13709-1.jpg 322w, https:\/\/www.elternforum-schule-rafz.ch\/wp-content\/uploads\/2023\/03\/03029_raeb-11_web-crop-u13709-1-300x230.jpg 300w\" sizes=\"auto, (max-width: 322px) 100vw, 322px\" \/><figcaption class=\"wp-element-caption\">R\u00e4beliechtli-Umzug<\/figcaption><\/figure>\n\n\n\n<p>Jedes Jahr organisiert die Elternmitwirkung zusammen mit vielen&nbsp;engagierten Helfern und Helferinnen den traditionellen R\u00e4beliechtli-Umzug. Im Schein der R\u00e4berliechtli und mit fr\u00f6hlichem Gesang geht es vom Gemeindehausplatz einmal durch den Dorfkern zum Schulhaus G\u00f6tzen, wo Br\u00f6tli und W\u00fcrstli auf die Kinder warten.<\/p>\n\n\n\n<div style=\"height:100px\" aria-hidden=\"true\" class=\"wp-block-spacer\"><\/div>\n\n\n\n<hr class=\"wp-block-separator has-alpha-channel-opacity\"\/>\n\n\n\n<div style=\"height:100px\" aria-hidden=\"true\" class=\"wp-block-spacer\"><\/div>\n\n\n\n<h2 class=\"wp-block-heading\">Sommer-\/Schulfest<\/h2>\n\n\n\n<p><strong>Strahlende Kinderaugen gibt es jedes Jahr am grossen Schul(sommer)fest!<\/strong><\/p>\n\n\n\n<figure class=\"wp-block-image size-full\"><img loading=\"lazy\" decoding=\"async\" width=\"349\" height=\"212\" src=\"https:\/\/www.elternforum-schule-rafz.ch\/wp-content\/uploads\/2023\/03\/sommerfest-1.jpg\" alt=\"\" class=\"wp-image-5\" srcset=\"https:\/\/www.elternforum-schule-rafz.ch\/wp-content\/uploads\/2023\/03\/sommerfest-1.jpg 349w, https:\/\/www.elternforum-schule-rafz.ch\/wp-content\/uploads\/2023\/03\/sommerfest-1-300x182.jpg 300w\" sizes=\"auto, (max-width: 349px) 100vw, 349px\" \/><\/figure>\n\n\n\n<p>Mit einem wechselnden Motto organisieren wir verschiedene&nbsp;spannende, kreative und lustige Aktivit\u00e4ten in und um die Saalsporthalle. Nat\u00fcrlich darf der Grill, ein feiner Kuchen und die legend\u00e4re Gummib\u00e4rlibar nicht fehlen, um die Kinder mit ihren Familien&nbsp;gl\u00fccklich zu machen!<\/p>\n\n\n\n<div style=\"height:100px\" aria-hidden=\"true\" class=\"wp-block-spacer\"><\/div>\n\n\n\n<hr class=\"wp-block-separator has-alpha-channel-opacity\"\/>\n\n\n\n<div style=\"height:100px\" aria-hidden=\"true\" class=\"wp-block-spacer\"><\/div>\n\n\n\n<h2 class=\"wp-block-heading\">Kleiderb\u00f6rse &amp; Spielzeugflohmi<\/h2>\n\n\n\n<p>Decke ausbreiten, aussortierte Kleidung, Spiele und Spielsachen drapieren \u2013 und los geht&#8217;s! Hier kann verkauft und gekauft werden, getauscht und gehandelt. <\/p>\n\n\n\n<p>Zweimal im Jahr gibt es im Schulhaus Schalmenacker eine Kleiderb\u00f6rse. Den Verkauf und die Organisation \u00fcbernimmt das Elternforum, der Erl\u00f6s geht jedoch voll umf\u00e4nglich an die jeweiligen Verk\u00e4ufer.<\/p>\n\n\n\n<p>Auch Sportartikel sind herzlich willkommen.<\/p>\n\n\n\n<p>Zus\u00e4tzlich k\u00f6nnen auch alle gut erhaltenen und funktionst\u00fcchtigen Spiele und Spielzeuge an den Kinder-Flohmarkt bringen: Hier sind die Sch\u00fcler und Sch\u00fclerinnen H\u00e4ndler und H\u00e4ndlerinnen und k\u00f6nnen verkaufen, tauschen, handeln und selber kaufen.<\/p>\n\n\n\n<figure class=\"wp-block-image size-full\"><img loading=\"lazy\" decoding=\"async\" width=\"384\" height=\"288\" src=\"https:\/\/www.elternforum-schule-rafz.ch\/wp-content\/uploads\/2023\/03\/dscn4958.jpg\" alt=\"\" class=\"wp-image-18\" srcset=\"https:\/\/www.elternforum-schule-rafz.ch\/wp-content\/uploads\/2023\/03\/dscn4958.jpg 384w, https:\/\/www.elternforum-schule-rafz.ch\/wp-content\/uploads\/2023\/03\/dscn4958-300x225.jpg 300w\" sizes=\"auto, (max-width: 384px) 100vw, 384px\" \/><\/figure>\n\n\n\n<div style=\"height:100px\" aria-hidden=\"true\" class=\"wp-block-spacer\"><\/div>\n\n\n\n<hr class=\"wp-block-separator has-alpha-channel-opacity\"\/>\n\n\n\n<div style=\"height:100px\" aria-hidden=\"true\" class=\"wp-block-spacer\"><\/div>\n\n\n\n<h2 class=\"wp-block-heading\">Elternratgeber<\/h2>\n\n\n\n<p><strong>Gut informiert f\u00fcr Kindergarten und Schule: der Elternratgeber b\u00fcndelt die wichtigsten Informationen und Kontakte.<\/strong><\/p>\n\n\n\n<p>Der Elternratgeber soll Eltern mit Kindern im Schulalter eine Unterst\u00fctzung bei allt\u00e4glichen Fragestellungen sein. Er gibt allgemeine Ratschl\u00e4ge und weist auf Hilfsmittel und Beratungsstellen hin. Er wird den Eltern der schulfplichtigen Kinder in Rafz abgegeben.<\/p>\n\n\n\n<p>Ein Ratgeber f\u00fcr die Unterstufe ist in Arbeit, f\u00fcr die Mittel- und Oberstufe geplant.<\/p>\n\n\n\n<div data-wp-interactive=\"core\/file\" class=\"wp-block-file\"><object data-wp-bind--hidden=\"!state.hasPdfPreview\" hidden class=\"wp-block-file__embed\" data=\"https:\/\/www.elternforum-schule-rafz.ch\/wp-content\/uploads\/2023\/03\/Elternratgeber_Rafz_13032021.pdf\" type=\"application\/pdf\" style=\"width:100%;height:600px\" aria-label=\"Einbettung von Elternratgeber_Rafz_13032021.\"><\/object><a id=\"wp-block-file--media-127ee509-2f8a-4a31-8886-a7584c3b9cd4\" href=\"https:\/\/www.elternforum-schule-rafz.ch\/wp-content\/uploads\/2023\/03\/Elternratgeber_Rafz_13032021.pdf\">Elternratgeber_Rafz_13032021<\/a><a href=\"https:\/\/www.elternforum-schule-rafz.ch\/wp-content\/uploads\/2023\/03\/Elternratgeber_Rafz_13032021.pdf\" class=\"wp-block-file__button wp-element-button\" download aria-describedby=\"wp-block-file--media-127ee509-2f8a-4a31-8886-a7584c3b9cd4\">Herunterladen<\/a><\/div>\n\n\n\n<div style=\"height:100px\" aria-hidden=\"true\" class=\"wp-block-spacer\"><\/div>\n\n\n\n<hr class=\"wp-block-separator has-alpha-channel-opacity\"\/>\n\n\n\n<div style=\"height:100px\" aria-hidden=\"true\" class=\"wp-block-spacer\"><\/div>\n\n\n\n<h2 class=\"wp-block-heading\">Verkehrlotsen<\/h2>\n\n\n\n<p><strong>\u00dcber Mittag wird die grosse Kreuzung bei der Post gesichert \u2013 f\u00fcr eine sichere \u00dcberquerung.<\/strong><\/p>\n\n\n\n<figure class=\"wp-block-image size-full\"><img loading=\"lazy\" decoding=\"async\" width=\"323\" height=\"237\" src=\"https:\/\/www.elternforum-schule-rafz.ch\/wp-content\/uploads\/2023\/03\/verkehr_klein.jpg\" alt=\"\" class=\"wp-image-21\" srcset=\"https:\/\/www.elternforum-schule-rafz.ch\/wp-content\/uploads\/2023\/03\/verkehr_klein.jpg 323w, https:\/\/www.elternforum-schule-rafz.ch\/wp-content\/uploads\/2023\/03\/verkehr_klein-300x220.jpg 300w\" sizes=\"auto, (max-width: 323px) 100vw, 323px\" \/><\/figure>\n\n\n\n<p id=\"u4605-14\">Wir m\u00f6chten, dass alle Kinder heil und sicher zum Mittagstisch nach Hause oder in den Hort kommen. Deshalb engagieren sich schon einige Rafzerinnen und Rafzer als Verkehrslotsen und sichern \u00fcber Mittag die grosse Kreuzung bei der Post.<\/p>\n\n\n\n<p id=\"u4605-16\">Die T\u00e4tigkeit wird mit einem kleinen Beitrag entsch\u00e4digt.<\/p>\n\n\n\n<p id=\"u4605-18\">Aktuell suchen wir dringend Helfer f\u00fcr dieses Projekt.<\/p>\n\n\n\n<p id=\"u4605-23\">Wir freuen uns \u00fcber eine&nbsp;<a href=\"mailto:elternforum@schule-rafz.ch\">Nachricht<\/a>&nbsp;von Ihnen.<\/p>\n\n\n\n<p><\/p>\n","protected":false},"excerpt":{"rendered":"<p>Projekte, die den Schulalltag und das Schuljahr bereichern Achtung! Wir sind in der Neuorganisation und nicht alle Punkte sind aktuell!!! Folgende Angebote k\u00f6nnen dank engagierten Rafzerinnen und Rafzer sowie des Elternforums zur Verf\u00fcgung gestellt werden. Pausenzn\u00fcni Einmal alle 2 Wochen wird mit einer Klasse ein gesundes Zn\u00fcni zubereitet \u2013 das die ganze Schule geniessen kann.&hellip; <a class=\"more-link\" href=\"https:\/\/www.elternforum-schule-rafz.ch\/?page_id=14\"><span class=\"screen-reader-text\">Unsere Projekte<\/span> weiterlesen<\/a><\/p>\n","protected":false},"author":3,"featured_media":0,"parent":0,"menu_order":0,"comment_status":"closed","ping_status":"closed","template":"","meta":{"footnotes":""},"class_list":["post-14","page","type-page","status-publish","hentry","entry"],"_links":{"self":[{"href":"https:\/\/www.elternforum-schule-rafz.ch\/index.php?rest_route=\/wp\/v2\/pages\/14","targetHints":{"allow":["GET"]}}],"collection":[{"href":"https:\/\/www.elternforum-schule-rafz.ch\/index.php?rest_route=\/wp\/v2\/pages"}],"about":[{"href":"https:\/\/www.elternforum-schule-rafz.ch\/index.php?rest_route=\/wp\/v2\/types\/page"}],"author":[{"embeddable":true,"href":"https:\/\/www.elternforum-schule-rafz.ch\/index.php?rest_route=\/wp\/v2\/users\/3"}],"replies":[{"embeddable":true,"href":"https:\/\/www.elternforum-schule-rafz.ch\/index.php?rest_route=%2Fwp%2Fv2%2Fcomments&post=14"}],"version-history":[{"count":10,"href":"https:\/\/www.elternforum-schule-rafz.ch\/index.php?rest_route=\/wp\/v2\/pages\/14\/revisions"}],"predecessor-version":[{"id":127,"href":"https:\/\/www.elternforum-schule-rafz.ch\/index.php?rest_route=\/wp\/v2\/pages\/14\/revisions\/127"}],"wp:attachment":[{"href":"https:\/\/www.elternforum-schule-rafz.ch\/index.php?rest_route=%2Fwp%2Fv2%2Fmedia&parent=14"}],"curies":[{"name":"wp","href":"https:\/\/api.w.org\/{rel}","templated":true}]}}